{"id":5,"date":"2015-03-12T10:00:54","date_gmt":"2015-03-12T09:00:54","guid":{"rendered":"http:\/\/test.rijschoolbenpol.nl\/?page_id=5"},"modified":"2026-03-30T06:03:31","modified_gmt":"2026-03-30T05:03:31","slug":"rijbewijs","status":"publish","type":"page","link":"https:\/\/www.rijschoolbenpol.nl\/pl\/","title":{"rendered":"Prawo Jazdy"},"content":{"rendered":"<p>Je\u015bli szukasz szko\u0142y prawa jazdy to w szkole Benpol jeste\u015b pod w\u0142a\u015bciwym adresem! U nas mo\u017cesz zdoby\u0107 prawo jazdy szybko, tanio i w \u017cyczliwej atmosferze. Nasza szko\u0142a jazdy oferuje r\u00f3\u017cne trajekty szkoleniowe, jak na przyk\u0142ad szkolenie dzienne, wieczorne, czy te\u017c w sobot\u0119. Dzieki temu mo\u017cesz rozpocz\u0105\u0107 szkolenie w krotkim terminie i za przyst\u0119pn\u0105 cen\u0119: 65 euro za 60 minut.<\/p>\n<p>W przypadku zainteresowania szkoleniem w naszej szkole prosimy o kontakt telefoniczny lub przez <a href=\"https:\/\/api.whatsapp.com\/send?phone=31615882693\"><img loading=\"lazy\" decoding=\"async\" class=\"alignnone wp-image-94\" src=\"http:\/\/www.rijschoolbenpol.nl\/wp-content\/uploads\/Whatsapp-logo-300x300.png\" alt=\"\" width=\"24\" height=\"24\" srcset=\"https:\/\/www.rijschoolbenpol.nl\/wp-content\/uploads\/Whatsapp-logo-300x300.png 300w, https:\/\/www.rijschoolbenpol.nl\/wp-content\/uploads\/Whatsapp-logo-150x150.png 150w, https:\/\/www.rijschoolbenpol.nl\/wp-content\/uploads\/Whatsapp-logo-768x768.png 768w, https:\/\/www.rijschoolbenpol.nl\/wp-content\/uploads\/Whatsapp-logo.png 1000w\" sizes=\"auto, (max-width: 24px) 100vw, 24px\" \/><\/a> pod numerem <a href=\"tel:+31615882693\">06-15882693<\/a>. Istnieje r\u00f3wnie\u017c mo\u017cliwo\u015b\u0107 wype\u0142nienia poni\u017cej zamieszczonego formularza kontaktowego lub skontaktowania si\u0119 przez <a href=\"https:\/\/www.facebook.com\/RijschoolBenpol\/\"><img loading=\"lazy\" decoding=\"async\" class=\"alignnone wp-image-91\" src=\"http:\/\/www.rijschoolbenpol.nl\/wp-content\/uploads\/facebook-logo-facebook-logo-9-300x293.png\" alt=\"\" width=\"27\" height=\"26\" srcset=\"https:\/\/www.rijschoolbenpol.nl\/wp-content\/uploads\/facebook-logo-facebook-logo-9-300x293.png 300w, https:\/\/www.rijschoolbenpol.nl\/wp-content\/uploads\/facebook-logo-facebook-logo-9-150x150.png 150w, https:\/\/www.rijschoolbenpol.nl\/wp-content\/uploads\/facebook-logo-facebook-logo-9-768x751.png 768w, https:\/\/www.rijschoolbenpol.nl\/wp-content\/uploads\/facebook-logo-facebook-logo-9-1024x1001.png 1024w\" sizes=\"auto, (max-width: 27px) 100vw, 27px\" \/><\/a>\u00a0.<\/p>\n<p>Poni\u017cej znajdziesz informacje dotycz\u0105ce szkolenia na prawo jazdy w naszej szkole:<\/p>\n<ul type=\"disc\">\n<li><a href=\"#Plusy\">Plusy szkolenia w naszej szkole<\/a><\/li>\n<li><a href=\"#Obszar\">Obszar, na kt\u00f3rym prowadzimy szkolenia na prawo jazdy<\/a><\/li>\n<li><a href=\"#Ilosc\">Ilo\u015b\u0107 lekcji<\/a><\/li>\n<li><a href=\"#Kontakt\">Kontakt<\/a><\/li>\n<\/ul>\n<p><a name=\"Plusy\"><\/a><br \/>\n<strong>Plusy szko\u0142y jazdy Benpol to:<\/strong><\/p>\n<ul type=\"disc\">\n<li>Przyst\u0119pna cena: 65 euro za 60 minut.<\/li>\n<li>Mo\u017cliwo\u015b\u0107 tzw. szybkiego \/ intensywnego szkolenia.<\/li>\n<li>Bogata oferta szkoleniowa \/ mo\u017cliwo\u015b\u0107 szkole\u0144 w r\u00f3\u017cnych porach dnia oraz w sobot\u0119 bez \u017cadnych dodatkowych op\u0142at.<\/li>\n<li>Mo\u017cliwo\u015b\u0107 p\u0142acenia za lekcje w terminach.<\/li>\n<li>Lekcje prowadzone s\u0105 na obszarze, na kt\u00f3rym odbywaj\u0105 si\u0119 egzaminy.<\/li>\n<li>Lekcje odbywaj\u0105 si\u0119 w samochodzie wolnym od zapachu tytoniu.<\/li>\n<li>Lekcje prowadzone s\u0105 przez do\u015bwiadczonego i wykwalifikowanego instruktora.<\/li>\n<\/ul>\n<p><a name=\"Obszar\"><\/a><br \/>\n<strong>Obszar, na kt\u00f3rym prowadzimy szkolenia na prawo jazdy<\/strong> obejmuje Ede, Wageningen, Veenendaal i okolice. Je\u017celi mieszkasz poza tym obszarem istnieje czesto mo\u017cliwo\u015b\u0107 udzielania lekcji w miejscu twojego zamieszkania lub um\u00f3wienia si\u0119 na lekcje w centralnym punkcie. Dlatego warto zawsze z nami si\u0119 skontaktowa\u0107 i przedyskutowa\u0107 mo\u017cliwo\u015bci, kt\u00f3re s\u0105 przez nas proponowane. Istnieje tak\u017ce mo\u017cliwo\u015b\u0107 wybrania miejsca zdawania egzaminu pomi\u0119dzy Tiel, Arnhem lub Leusden.<\/p>\n<p><a name=\"Ilosc\"><\/a><br \/>\n<strong>Ilo\u015b\u0107 lekcji, kt\u00f3re b\u0119dziesz potrzebowa\u0107<\/strong> uzale\u017cniona jest od:<\/p>\n<ul type=\"disc\">\n<li>Szybko\u015bci uczenia si\u0119;<\/li>\n<li>Cz\u0119stotliwo\u015bci lekcji;<\/li>\n<li>D\u0142ugo\u015bci trwania lekcji;<\/li>\n<li>Wrodzonych predyspozycji;<\/li>\n<li>Motywacji i wieku kursanta;<\/li>\n<\/ul>\n<hr \/>\n<p><a name=\"Kontakt\"><\/a><\/p>\n<p>Kontakt<br \/>\n\n<div class=\"wpcf7 no-js\" id=\"wpcf7-f19-o2\" lang=\"pl-PL\" dir=\"ltr\" data-wpcf7-id=\"19\">\n<div class=\"screen-reader-response\"><p role=\"status\" aria-live=\"polite\" aria-atomic=\"true\"><\/p> <ul><\/ul><\/div>\n<form action=\"\/pl\/wp-json\/wp\/v2\/pages\/5#wpcf7-f19-o2\" method=\"post\" class=\"wpcf7-form init\" aria-label=\"Formularz kontaktowy\" novalidate=\"novalidate\" data-status=\"init\">\n<div style=\"display: none;\">\n<input type=\"hidden\" name=\"_wpcf7\" value=\"19\" \/>\n<input type=\"hidden\" name=\"_wpcf7_version\" value=\"6.0.5\" \/>\n<input type=\"hidden\" name=\"_wpcf7_locale\" value=\"pl_PL\" \/>\n<input type=\"hidden\" name=\"_wpcf7_unit_tag\" value=\"wpcf7-f19-o2\" \/>\n<input type=\"hidden\" name=\"_wpcf7_container_post\" value=\"0\" \/>\n<input type=\"hidden\" name=\"_wpcf7_posted_data_hash\" value=\"\" \/>\n<input type=\"hidden\" name=\"_cf7a__language\" value=\"7txYE\/fCuk3GtJvUiHyQVg==\" \/>\n<input type=\"hidden\" name=\"_cf7a__timestamp\" value=\"M8Hf+sEgK+I3WHoKuwmv1A==\" \/>\n<input type=\"hidden\" name=\"_cf7a_version\" value=\"1.0\" \/>\n<input type=\"hidden\" name=\"_cf7a_address\" value=\"iS5CCZkKYsGBVq\/rWLl1\/A==\" \/>\n<input type=\"hidden\" name=\"_cf7a_referer\" value=\"\/yl+AO5mIofrAPvAU3Gfig==\" \/>\n<input type=\"hidden\" name=\"_cf7a_protocol\" value=\"4HN0DEyHNxekgJbxENMI7w==\" \/>\n<input type=\"hidden\" name=\"_wpcf7_recaptcha_response\" value=\"\" \/>\n<input type=\"hidden\" name=\"_cf7a_bot_fingerprint\" value=\"M8Hf+sEgK+I3WHoKuwmv1A==\" \/>\n<input type=\"hidden\" name=\"_cf7a_bot_fingerprint_extras\" value=\"\" \/>\n<input type=\"hidden\" name=\"_cf7a_append_on_submit\" value=\"\" \/>\n<\/div>\n<p>Imi\u0119 i nazwisko (wymagane)\n<\/p>\n<p><span class=\"wpcf7-form-control-wrap\" data-name=\"your-name\"><input type=\"text\" name=\"name\" value=\"\" autocomplete=\"fill\" class=\"fit-the-fullspace\" aria-hidden=\"true\" tabindex=\"-1\" \/><input size=\"40\" maxlength=\"400\" class=\"wpcf7-form-control wpcf7-text wpcf7-validates-as-required\" aria-required=\"true\" aria-invalid=\"false\" value=\"\" type=\"text\" name=\"your-name\" \/><\/span>\n<\/p>\n<p>Adres email (wymagane)\n<\/p>\n<p><span class=\"wpcf7-form-control-wrap\" data-name=\"your-email\"><input size=\"40\" maxlength=\"400\" class=\"wpcf7-form-control wpcf7-email wpcf7-validates-as-required wpcf7-text wpcf7-validates-as-email\" aria-required=\"true\" aria-invalid=\"false\" value=\"\" type=\"email\" name=\"your-email\" \/><\/span>\n<\/p>\n<p>Temat\n<\/p>\n<p><span class=\"wpcf7-form-control-wrap\" data-name=\"your-subject\"><input size=\"40\" maxlength=\"400\" class=\"wpcf7-form-control wpcf7-text\" aria-invalid=\"false\" value=\"\" type=\"text\" name=\"your-subject\" \/><input type=\"text\" name=\"address\" value=\"\" autocomplete=\"fill\" class=\"fit-the-fullspace\" aria-hidden=\"true\" tabindex=\"-1\" \/><\/span>\n<\/p>\n<p>Tre\u015b\u0107 wiadomo\u015bci\n<\/p>\n<p><span class=\"wpcf7-form-control-wrap\" data-name=\"your-message\"><textarea cols=\"40\" rows=\"10\" maxlength=\"2000\" class=\"wpcf7-form-control wpcf7-textarea\" aria-invalid=\"false\" name=\"your-message\"><\/textarea><\/span>\n<\/p>\n<p><span class=\"wpcf7-form-control-wrap kc_captcha\" data-name=\"kc_captcha\"><span class=\"wpcf7-form-control wpcf7-radio\"><span class=\"captcha-image\" ><span class=\"cf7ic_instructions\">Please prove you are human by selecting the<span> key<\/span>.<\/span><label><input aria-label=\"1\" type=\"radio\" name=\"kc_captcha\" value=\"bot\" \/><svg width=\"50\" height=\"50\" aria-hidden=\"true\" role=\"img\" xmlns=\"http:\/\/www.w3.org\/2000\/svg\" viewBox=\"0 0 512 512\"><path fill=\"currentColor\" d=\"M500 168h-55l-8-21a127 127 0 00-120-83H195a127 127 0 00-120 83l-8 21H12c-8 0-14 8-11 16l8 24a12 12 0 0011 8h29a64 64 0 00-33 56v48c0 16 6 31 16 42v62c0 13 11 24 24 24h48c13 0 24-11 24-24v-40h256v40c0 13 11 24 24 24h48c13 0 24-11 24-24v-62c10-11 16-26 16-42v-48c0-24-13-45-33-56h29a12 12 0 0011-8l8-24c3-8-3-16-11-16zm-365 2c9-25 33-42 60-42h122c27 0 51 17 60 42l15 38H120l15-38zM88 328a32 32 0 010-64c18 0 48 30 48 48s-30 16-48 16zm336 0c-18 0-48 2-48-16s30-48 48-48 32 14 32 32-14 32-32 32z\"\/><\/svg><\/label><label><input aria-label=\"2\" type=\"radio\" name=\"kc_captcha\" value=\"kc_human\" \/><svg width=\"50\" height=\"50\" aria-hidden=\"true\" role=\"img\" xmlns=\"http:\/\/www.w3.org\/2000\/svg\" viewBox=\"0 0 512 512\"><path fill=\"currentColor\" d=\"M512 176a176 176 0 01-209 173l-24 27a24 24 0 01-18 8h-37v40c0 13-11 24-24 24h-40v40c0 13-11 24-24 24H24c-13 0-24-11-24-24v-78c0-6 3-13 7-17l162-162a176 176 0 11343-55zm-176-48a48 48 0 1096 0 48 48 0 00-96 0z\"\/><\/svg><\/label><label><input aria-label=\"3\" type=\"radio\" name=\"kc_captcha\" value=\"bot\" \/><svg width=\"50\" height=\"50\" aria-hidden=\"true\" role=\"img\" xmlns=\"http:\/\/www.w3.org\/2000\/svg\" viewBox=\"0 0 640 512\"><path fill=\"currentColor\" d=\"M624 352h-16V244c0-13-5-25-14-34L494 110c-9-9-21-14-34-14h-44V48c0-26-21-48-48-48H48C22 0 0 22 0 48v320c0 27 22 48 48 48h16a96 96 0 00192 0h128a96 96 0 00192 0h48c9 0 16-7 16-16v-32c0-9-7-16-16-16zM160 464a48 48 0 110-96 48 48 0 010 96zm320 0a48 48 0 110-96 48 48 0 010 96zm80-208H416V144h44l100 100v12z\"\/><\/svg><\/label>\r\n    <\/span>\r\n    <span style=\"display:none\">\r\n        <input type=\"text\" name=\"credit-card\" value=\"\" autocomplete=\"fill\" class=\"fit-the-fullspace\" aria-hidden=\"true\" tabindex=\"-1\" \/><input type=\"text\" name=\"kc_honeypot\">\r\n    <\/span><\/span><\/span>\n<\/p>\n<p><input class=\"wpcf7-form-control wpcf7-submit has-spinner\" type=\"submit\" value=\"Wy\u015blij\" \/>\n<\/p><div class=\"wpcf7-response-output\" aria-hidden=\"true\"><\/div>\n<\/form>\n<\/div>\n<\/p>","protected":false},"excerpt":{"rendered":"<p>Je\u015bli szukasz szko\u0142y prawa jazdy to w szkole Benpol jeste\u015b pod w\u0142a\u015bciwym adresem! U nas mo\u017cesz zdoby\u0107 prawo jazdy szybko, tanio i w \u017cyczliwej atmosferze. Nasza szko\u0142a jazdy oferuje r\u00f3\u017cne trajekty szkoleniowe, jak na przyk\u0142ad szkolenie dzienne, wieczorne, czy te\u017c w sobot\u0119. Dzieki temu mo\u017cesz rozpocz\u0105\u0107 szkolenie w krotkim terminie i za przyst\u0119pn\u0105 cen\u0119: 65 &hellip; <a href=\"https:\/\/www.rijschoolbenpol.nl\/pl\/\" class=\"more-link\">Czytaj dalej <span class=\"screen-reader-text\">Prawo Jazdy<\/span> <span class=\"meta-nav\">&rarr;<\/span><\/a><\/p>\n","protected":false},"author":1,"featured_media":0,"parent":0,"menu_order":1,"comment_status":"closed","ping_status":"closed","template":"","meta":{"_monsterinsights_skip_tracking":false,"_monsterinsights_sitenote_active":false,"_monsterinsights_sitenote_note":"","_monsterinsights_sitenote_category":0,"footnotes":""},"class_list":["post-5","page","type-page","status-publish","hentry"],"yoast_head":"<!-- This site is optimized with the Yoast SEO plugin v24.7 - https:\/\/yoast.com\/wordpress\/plugins\/seo\/ -->\n<title>Prawo jazdy w Ede, Veenendaal, Tiel i okolice<\/title>\n<meta name=\"description\" content=\"Rijschool Benpol. Zdoby\u0107 prawo jazdy szybko i tanio w Ede, Veenendaal, Wageningen, Tiel i okolice. Zadzwo\u0144 lub WhatsApp 06-15882693.\" \/>\n<meta name=\"robots\" content=\"index, follow, max-snippet:-1, max-image-preview:large, max-video-preview:-1\" \/>\n<link rel=\"canonical\" href=\"https:\/\/www.rijschoolbenpol.nl\/\" \/>\n<meta property=\"og:locale\" content=\"pl_PL\" \/>\n<meta property=\"og:type\" content=\"article\" \/>\n<meta property=\"og:title\" content=\"[:nl]Rijbewijs in Ede, Veenendaal, Wageningen, Tiel en omstreken[:pl]Prawo jazdy w Ede, Veenendaal, Tiel i okolice[:en]Driving license in Ede, Veenendaal, Tiel and surroundings[:]\" \/>\n<meta property=\"og:description\" content=\"{:nl}Rijschool Benpol. Snel en voordelig je rijbewijs halen in Ede, Veenendaal, Wageningen, Tiel en omstreken. Bel of Whatsapp naar 06-15882693.{:pl}Rijschool Benpol. Zdoby\u0107 prawo jazdy szybko i tanio w Ede, Veenendaal, Wageningen, Tiel i okolice. Zadzwo\u0144 lub WhatsApp 06-15882693.{:en}Rijschool Benpol. Get your driving license quickly and cheaply in Ede, Veenendaal, Wageningen, Tiel and surroundings. Call or Whatsapp 06-15882693.{:}\" \/>\n<meta property=\"og:url\" content=\"https:\/\/www.rijschoolbenpol.nl\/\" \/>\n<meta property=\"og:site_name\" content=\"Szko\u0142a jazdy Benpol\" \/>\n<meta property=\"article:modified_time\" content=\"2026-03-30T05:03:31+00:00\" \/>\n<meta property=\"og:image\" content=\"https:\/\/www.rijschoolbenpol.nl\/wp-content\/uploads\/Whatsapp-logo.png\" \/>\n\t<meta property=\"og:image:width\" content=\"1000\" \/>\n\t<meta property=\"og:image:height\" content=\"1000\" \/>\n\t<meta property=\"og:image:type\" content=\"image\/png\" \/>\n<meta name=\"twitter:card\" content=\"summary_large_image\" \/>\n<meta name=\"twitter:label1\" content=\"Szacowany czas czytania\" \/>\n\t<meta name=\"twitter:data1\" content=\"2 minuty\" \/>\n<script type=\"application\/ld+json\" class=\"yoast-schema-graph\">{\"@context\":\"https:\/\/schema.org\",\"@graph\":[{\"@type\":\"WebPage\",\"@id\":\"https:\/\/www.rijschoolbenpol.nl\/\",\"url\":\"https:\/\/www.rijschoolbenpol.nl\/\",\"name\":\"[:nl]Rijbewijs in Ede, Veenendaal, Wageningen, Tiel en omstreken[:pl]Prawo jazdy w Ede, Veenendaal, Tiel i okolice[:en]Driving license in Ede, Veenendaal, Tiel and surroundings[:]\",\"isPartOf\":{\"@id\":\"https:\/\/www.rijschoolbenpol.nl\/#website\"},\"primaryImageOfPage\":{\"@id\":\"https:\/\/www.rijschoolbenpol.nl\/#primaryimage\"},\"image\":{\"@id\":\"https:\/\/www.rijschoolbenpol.nl\/#primaryimage\"},\"thumbnailUrl\":\"http:\/\/www.rijschoolbenpol.nl\/wp-content\/uploads\/Whatsapp-logo-300x300.png\",\"datePublished\":\"2015-03-12T09:00:54+00:00\",\"dateModified\":\"2026-03-30T05:03:31+00:00\",\"description\":\"{:nl}Rijschool Benpol. Snel en voordelig je rijbewijs halen in Ede, Veenendaal, Wageningen, Tiel en omstreken. Bel of Whatsapp naar 06-15882693.{:pl}Rijschool Benpol. Zdoby\u0107 prawo jazdy szybko i tanio w Ede, Veenendaal, Wageningen, Tiel i okolice. Zadzwo\u0144 lub WhatsApp 06-15882693.{:en}Rijschool Benpol. Get your driving license quickly and cheaply in Ede, Veenendaal, Wageningen, Tiel and surroundings. Call or Whatsapp 06-15882693.{:}\",\"breadcrumb\":{\"@id\":\"https:\/\/www.rijschoolbenpol.nl\/#breadcrumb\"},\"inLanguage\":\"pl-PL\",\"potentialAction\":[{\"@type\":\"ReadAction\",\"target\":[\"https:\/\/www.rijschoolbenpol.nl\/\"]}]},{\"@type\":\"ImageObject\",\"inLanguage\":\"pl-PL\",\"@id\":\"https:\/\/www.rijschoolbenpol.nl\/#primaryimage\",\"url\":\"http:\/\/www.rijschoolbenpol.nl\/wp-content\/uploads\/Whatsapp-logo-300x300.png\",\"contentUrl\":\"http:\/\/www.rijschoolbenpol.nl\/wp-content\/uploads\/Whatsapp-logo-300x300.png\"},{\"@type\":\"BreadcrumbList\",\"@id\":\"https:\/\/www.rijschoolbenpol.nl\/#breadcrumb\",\"itemListElement\":[{\"@type\":\"ListItem\",\"position\":1,\"name\":\"Home\",\"item\":\"https:\/\/www.rijschoolbenpol.nl\/\"},{\"@type\":\"ListItem\",\"position\":2,\"name\":\"Rijbewijs\"}]},{\"@type\":\"WebSite\",\"@id\":\"https:\/\/www.rijschoolbenpol.nl\/#website\",\"url\":\"https:\/\/www.rijschoolbenpol.nl\/\",\"name\":\"Szko\u0142a jazdy Benpol\",\"description\":\"\",\"potentialAction\":[{\"@type\":\"SearchAction\",\"target\":{\"@type\":\"EntryPoint\",\"urlTemplate\":\"https:\/\/www.rijschoolbenpol.nl\/?s={search_term_string}\"},\"query-input\":{\"@type\":\"PropertyValueSpecification\",\"valueRequired\":true,\"valueName\":\"search_term_string\"}}],\"inLanguage\":\"pl-PL\"}]}<\/script>\n<!-- \/ Yoast SEO plugin. -->","yoast_head_json":{"title":"Prawo jazdy w Ede, Veenendaal, Tiel i okolice","description":"Rijschool Benpol. Zdoby\u0107 prawo jazdy szybko i tanio w Ede, Veenendaal, Wageningen, Tiel i okolice. Zadzwo\u0144 lub WhatsApp 06-15882693.","robots":{"index":"index","follow":"follow","max-snippet":"max-snippet:-1","max-image-preview":"max-image-preview:large","max-video-preview":"max-video-preview:-1"},"canonical":"https:\/\/www.rijschoolbenpol.nl\/","og_locale":"pl_PL","og_type":"article","og_title":"[:nl]Rijbewijs in Ede, Veenendaal, Wageningen, Tiel en omstreken[:pl]Prawo jazdy w Ede, Veenendaal, Tiel i okolice[:en]Driving license in Ede, Veenendaal, Tiel and surroundings[:]","og_description":"{:nl}Rijschool Benpol. Snel en voordelig je rijbewijs halen in Ede, Veenendaal, Wageningen, Tiel en omstreken. Bel of Whatsapp naar 06-15882693.{:pl}Rijschool Benpol. Zdoby\u0107 prawo jazdy szybko i tanio w Ede, Veenendaal, Wageningen, Tiel i okolice. Zadzwo\u0144 lub WhatsApp 06-15882693.{:en}Rijschool Benpol. Get your driving license quickly and cheaply in Ede, Veenendaal, Wageningen, Tiel and surroundings. Call or Whatsapp 06-15882693.{:}","og_url":"https:\/\/www.rijschoolbenpol.nl\/","og_site_name":"Szko\u0142a jazdy Benpol","article_modified_time":"2026-03-30T05:03:31+00:00","og_image":[{"width":1000,"height":1000,"url":"https:\/\/www.rijschoolbenpol.nl\/wp-content\/uploads\/Whatsapp-logo.png","type":"image\/png"}],"twitter_card":"summary_large_image","twitter_misc":{"Szacowany czas czytania":"2 minuty"},"schema":{"@context":"https:\/\/schema.org","@graph":[{"@type":"WebPage","@id":"https:\/\/www.rijschoolbenpol.nl\/","url":"https:\/\/www.rijschoolbenpol.nl\/","name":"[:nl]Rijbewijs in Ede, Veenendaal, Wageningen, Tiel en omstreken[:pl]Prawo jazdy w Ede, Veenendaal, Tiel i okolice[:en]Driving license in Ede, Veenendaal, Tiel and surroundings[:]","isPartOf":{"@id":"https:\/\/www.rijschoolbenpol.nl\/#website"},"primaryImageOfPage":{"@id":"https:\/\/www.rijschoolbenpol.nl\/#primaryimage"},"image":{"@id":"https:\/\/www.rijschoolbenpol.nl\/#primaryimage"},"thumbnailUrl":"http:\/\/www.rijschoolbenpol.nl\/wp-content\/uploads\/Whatsapp-logo-300x300.png","datePublished":"2015-03-12T09:00:54+00:00","dateModified":"2026-03-30T05:03:31+00:00","description":"{:nl}Rijschool Benpol. Snel en voordelig je rijbewijs halen in Ede, Veenendaal, Wageningen, Tiel en omstreken. Bel of Whatsapp naar 06-15882693.{:pl}Rijschool Benpol. Zdoby\u0107 prawo jazdy szybko i tanio w Ede, Veenendaal, Wageningen, Tiel i okolice. Zadzwo\u0144 lub WhatsApp 06-15882693.{:en}Rijschool Benpol. Get your driving license quickly and cheaply in Ede, Veenendaal, Wageningen, Tiel and surroundings. Call or Whatsapp 06-15882693.{:}","breadcrumb":{"@id":"https:\/\/www.rijschoolbenpol.nl\/#breadcrumb"},"inLanguage":"pl-PL","potentialAction":[{"@type":"ReadAction","target":["https:\/\/www.rijschoolbenpol.nl\/"]}]},{"@type":"ImageObject","inLanguage":"pl-PL","@id":"https:\/\/www.rijschoolbenpol.nl\/#primaryimage","url":"http:\/\/www.rijschoolbenpol.nl\/wp-content\/uploads\/Whatsapp-logo-300x300.png","contentUrl":"http:\/\/www.rijschoolbenpol.nl\/wp-content\/uploads\/Whatsapp-logo-300x300.png"},{"@type":"BreadcrumbList","@id":"https:\/\/www.rijschoolbenpol.nl\/#breadcrumb","itemListElement":[{"@type":"ListItem","position":1,"name":"Home","item":"https:\/\/www.rijschoolbenpol.nl\/"},{"@type":"ListItem","position":2,"name":"Rijbewijs"}]},{"@type":"WebSite","@id":"https:\/\/www.rijschoolbenpol.nl\/#website","url":"https:\/\/www.rijschoolbenpol.nl\/","name":"Szko\u0142a jazdy Benpol","description":"","potentialAction":[{"@type":"SearchAction","target":{"@type":"EntryPoint","urlTemplate":"https:\/\/www.rijschoolbenpol.nl\/?s={search_term_string}"},"query-input":{"@type":"PropertyValueSpecification","valueRequired":true,"valueName":"search_term_string"}}],"inLanguage":"pl-PL"}]}},"_links":{"self":[{"href":"https:\/\/www.rijschoolbenpol.nl\/pl\/wp-json\/wp\/v2\/pages\/5","targetHints":{"allow":["GET"]}}],"collection":[{"href":"https:\/\/www.rijschoolbenpol.nl\/pl\/wp-json\/wp\/v2\/pages"}],"about":[{"href":"https:\/\/www.rijschoolbenpol.nl\/pl\/wp-json\/wp\/v2\/types\/page"}],"author":[{"embeddable":true,"href":"https:\/\/www.rijschoolbenpol.nl\/pl\/wp-json\/wp\/v2\/users\/1"}],"replies":[{"embeddable":true,"href":"https:\/\/www.rijschoolbenpol.nl\/pl\/wp-json\/wp\/v2\/comments?post=5"}],"version-history":[{"count":104,"href":"https:\/\/www.rijschoolbenpol.nl\/pl\/wp-json\/wp\/v2\/pages\/5\/revisions"}],"predecessor-version":[{"id":398,"href":"https:\/\/www.rijschoolbenpol.nl\/pl\/wp-json\/wp\/v2\/pages\/5\/revisions\/398"}],"wp:attachment":[{"href":"https:\/\/www.rijschoolbenpol.nl\/pl\/wp-json\/wp\/v2\/media?parent=5"}],"curies":[{"name":"wp","href":"https:\/\/api.w.org\/{rel}","templated":true}]}}